{"id":3319,"date":"2024-03-07T06:46:10","date_gmt":"2024-03-07T06:46:10","guid":{"rendered":"https:\/\/learning.arbortech-erasmus.eu\/nacionalna-porocila"},"modified":"2024-06-27T10:27:24","modified_gmt":"2024-06-27T10:27:24","slug":"nacionalna-porocila","status":"publish","type":"page","link":"https:\/\/learning.arbortech-erasmus.eu\/sl\/nacionalna-porocila","title":{"rendered":"Nacionalna poro\u010dila"},"content":{"rendered":"\t\t<div data-elementor-type=\"wp-page\" data-elementor-id=\"3319\" class=\"elementor elementor-3319 elementor-3265\" data-elementor-post-type=\"page\">\n\t\t\t\t<div data-dce-background-color=\"#F2EED3\" data-dce-background-image-url=\"https:\/\/learning.arbortech-erasmus.eu\/wp-content\/uploads\/2023\/10\/pexels-johannes-plenio-1423600-scaled.jpg\" class=\"elementor-element elementor-element-db0b847 e-flex e-con-boxed e-con e-parent\" data-id=\"db0b847\" data-element_type=\"container\" data-settings=\"{&quot;background_background&quot;:&quot;classic&quot;,&quot;shape_divider_bottom&quot;:&quot;mountains&quot;}\">\n\t\t\t\t\t<div class=\"e-con-inner\">\n\t\t\t\t<div class=\"elementor-shape elementor-shape-bottom\" data-negative=\"false\">\n\t\t\t<svg xmlns=\"http:\/\/www.w3.org\/2000\/svg\" viewBox=\"0 0 1000 100\" preserveAspectRatio=\"none\">\n\t<path class=\"elementor-shape-fill\" opacity=\"0.33\" d=\"M473,67.3c-203.9,88.3-263.1-34-320.3,0C66,119.1,0,59.7,0,59.7V0h1000v59.7 c0,0-62.1,26.1-94.9,29.3c-32.8,3.3-62.8-12.3-75.8-22.1C806,49.6,745.3,8.7,694.9,4.7S492.4,59,473,67.3z\"\/>\n\t<path class=\"elementor-shape-fill\" opacity=\"0.66\" d=\"M734,67.3c-45.5,0-77.2-23.2-129.1-39.1c-28.6-8.7-150.3-10.1-254,39.1 s-91.7-34.4-149.2,0C115.7,118.3,0,39.8,0,39.8V0h1000v36.5c0,0-28.2-18.5-92.1-18.5C810.2,18.1,775.7,67.3,734,67.3z\"\/>\n\t<path class=\"elementor-shape-fill\" d=\"M766.1,28.9c-200-57.5-266,65.5-395.1,19.5C242,1.8,242,5.4,184.8,20.6C128,35.8,132.3,44.9,89.9,52.5C28.6,63.7,0,0,0,0 h1000c0,0-9.9,40.9-83.6,48.1S829.6,47,766.1,28.9z\"\/>\n<\/svg>\t\t<\/div>\n\t\t<div data-dce-background-overlay-color=\"#F9FAEC\" class=\"elementor-element elementor-element-268c955 e-flex e-con-boxed e-con e-child\" data-id=\"268c955\" data-element_type=\"container\">\n\t\t\t\t\t<div class=\"e-con-inner\">\n\t\t\t\t<div class=\"elementor-element elementor-element-8e2380e elementor-widget elementor-widget-heading\" data-id=\"8e2380e\" data-element_type=\"widget\" data-widget_type=\"heading.default\">\n\t\t\t\t<div class=\"elementor-widget-container\">\n\t\t\t<p class=\"elementor-heading-title elementor-size-default\"><a href=\"https:\/\/learning.arbortech-erasmus.eu\/home\">Domov<\/a><\/p>\t\t<\/div>\n\t\t\t\t<\/div>\n\t\t\t\t<div class=\"elementor-element elementor-element-d3ab8cf elementor-widget elementor-widget-heading\" data-id=\"d3ab8cf\" data-element_type=\"widget\" data-widget_type=\"heading.default\">\n\t\t\t\t<div class=\"elementor-widget-container\">\n\t\t\t<div class=\"elementor-heading-title elementor-size-default\">&gt;<\/div>\t\t<\/div>\n\t\t\t\t<\/div>\n\t\t\t\t<div class=\"elementor-element elementor-element-ca14892 elementor-widget elementor-widget-heading\" data-id=\"ca14892\" data-element_type=\"widget\" data-widget_type=\"heading.default\">\n\t\t\t\t<div class=\"elementor-widget-container\">\n\t\t\t<p class=\"elementor-heading-title elementor-size-default\"><a href=\"https:\/\/learning.arbortech-erasmus.eu\/summary-report\">Zbirno poro\u010dilo<\/a><\/p>\t\t<\/div>\n\t\t\t\t<\/div>\n\t\t\t\t<div class=\"elementor-element elementor-element-ec47b3e elementor-widget elementor-widget-heading\" data-id=\"ec47b3e\" data-element_type=\"widget\" data-widget_type=\"heading.default\">\n\t\t\t\t<div class=\"elementor-widget-container\">\n\t\t\t<div class=\"elementor-heading-title elementor-size-default\">&gt;<\/div>\t\t<\/div>\n\t\t\t\t<\/div>\n\t\t\t\t\t<\/div>\n\t\t\t\t<\/div>\n\t\t\t\t\t<\/div>\n\t\t\t\t<\/div>\n\t\t<div data-dce-background-color=\"#F2EED3\" class=\"elementor-element elementor-element-2d51db9 e-flex e-con-boxed e-con e-parent\" data-id=\"2d51db9\" data-element_type=\"container\" data-settings=\"{&quot;background_background&quot;:&quot;classic&quot;}\">\n\t\t\t\t\t<div class=\"e-con-inner\">\n\t\t<div class=\"elementor-element elementor-element-fbbc8e2 e-con-full e-flex e-con e-child\" data-id=\"fbbc8e2\" data-element_type=\"container\" data-settings=\"{&quot;background_background&quot;:&quot;classic&quot;}\">\n\t\t\t\t<div class=\"elementor-element elementor-element-85fdf1a elementor-widget elementor-widget-heading\" data-id=\"85fdf1a\" data-element_type=\"widget\" data-widget_type=\"heading.default\">\n\t\t\t\t<div class=\"elementor-widget-container\">\n\t\t\t<h3 class=\"elementor-heading-title elementor-size-default\">Slovenija<\/h3>\t\t<\/div>\n\t\t\t\t<\/div>\n\t\t<div class=\"elementor-element elementor-element-5ed3d84 e-flex e-con-boxed e-con e-child\" data-id=\"5ed3d84\" data-element_type=\"container\">\n\t\t\t\t\t<div class=\"e-con-inner\">\n\t\t\t\t<div class=\"elementor-element elementor-element-56c11d1 elementor-widget elementor-widget-heading\" data-id=\"56c11d1\" data-element_type=\"widget\" data-widget_type=\"heading.default\">\n\t\t\t\t<div class=\"elementor-widget-container\">\n\t\t\t<div class=\"elementor-heading-title elementor-size-default\"><a href=\"\/wp-content\/uploads\/2024\/06\/EN_Slovenian-National-Report_ArborTech.pdf\" target=\"_blank\">Angle\u0161\u010dina<\/a><\/div>\t\t<\/div>\n\t\t\t\t<\/div>\n\t\t\t\t<div class=\"elementor-element elementor-element-66f9b2d elementor-widget elementor-widget-heading\" data-id=\"66f9b2d\" data-element_type=\"widget\" data-widget_type=\"heading.default\">\n\t\t\t\t<div class=\"elementor-widget-container\">\n\t\t\t<div class=\"elementor-heading-title elementor-size-default\">|<\/div>\t\t<\/div>\n\t\t\t\t<\/div>\n\t\t\t\t<div class=\"elementor-element elementor-element-f5cf1b8 elementor-widget elementor-widget-heading\" data-id=\"f5cf1b8\" data-element_type=\"widget\" data-widget_type=\"heading.default\">\n\t\t\t\t<div class=\"elementor-widget-container\">\n\t\t\t<div class=\"elementor-heading-title elementor-size-default\"><a href=\"\/wp-content\/uploads\/2024\/06\/SI_Slovenian-National-Report_ArborTech1.docx.pdf\" target=\"_blank\">Sloven\u0161\u010dina<\/a><\/div>\t\t<\/div>\n\t\t\t\t<\/div>\n\t\t\t\t\t<\/div>\n\t\t\t\t<\/div>\n\t\t\t\t<\/div>\n\t\t<div class=\"elementor-element elementor-element-ebaac5f e-con-full e-flex e-con e-child\" data-id=\"ebaac5f\" data-element_type=\"container\" data-settings=\"{&quot;background_background&quot;:&quot;classic&quot;}\">\n\t\t\t\t<div class=\"elementor-element elementor-element-032aac9 elementor-widget elementor-widget-heading\" data-id=\"032aac9\" data-element_type=\"widget\" data-widget_type=\"heading.default\">\n\t\t\t\t<div class=\"elementor-widget-container\">\n\t\t\t<h3 class=\"elementor-heading-title elementor-size-default\">Hrva\u0161ka<\/h3>\t\t<\/div>\n\t\t\t\t<\/div>\n\t\t<div class=\"elementor-element elementor-element-502b3f7 e-flex e-con-boxed e-con e-child\" data-id=\"502b3f7\" data-element_type=\"container\">\n\t\t\t\t\t<div class=\"e-con-inner\">\n\t\t\t\t<div class=\"elementor-element elementor-element-4bb33e3 elementor-widget elementor-widget-heading\" data-id=\"4bb33e3\" data-element_type=\"widget\" data-widget_type=\"heading.default\">\n\t\t\t\t<div class=\"elementor-widget-container\">\n\t\t\t<div class=\"elementor-heading-title elementor-size-default\"><a href=\"\/wp-content\/uploads\/2024\/06\/Final_EN_Hrvaska_PROJECT-RESULT-1-Croatian-report.pdf\" target=\"_blank\">Angle\u0161\u010dina<\/a><\/div>\t\t<\/div>\n\t\t\t\t<\/div>\n\t\t\t\t<div class=\"elementor-element elementor-element-625e6af elementor-widget elementor-widget-heading\" data-id=\"625e6af\" data-element_type=\"widget\" data-widget_type=\"heading.default\">\n\t\t\t\t<div class=\"elementor-widget-container\">\n\t\t\t<div class=\"elementor-heading-title elementor-size-default\">|<\/div>\t\t<\/div>\n\t\t\t\t<\/div>\n\t\t\t\t<div class=\"elementor-element elementor-element-1850e46 elementor-widget elementor-widget-heading\" data-id=\"1850e46\" data-element_type=\"widget\" data-widget_type=\"heading.default\">\n\t\t\t\t<div class=\"elementor-widget-container\">\n\t\t\t<div class=\"elementor-heading-title elementor-size-default\"><a href=\"\/wp-content\/uploads\/2024\/06\/Final_HR_National-report-PR1-translated-into-Croatian.docx.pdf\" target=\"_blank\">Hrva\u0161ka<\/a><\/div>\t\t<\/div>\n\t\t\t\t<\/div>\n\t\t\t\t\t<\/div>\n\t\t\t\t<\/div>\n\t\t\t\t<\/div>\n\t\t<div class=\"elementor-element elementor-element-50812ad e-con-full e-flex e-con e-child\" data-id=\"50812ad\" data-element_type=\"container\" data-settings=\"{&quot;background_background&quot;:&quot;classic&quot;}\">\n\t\t\t\t<div class=\"elementor-element elementor-element-82f5309 elementor-widget elementor-widget-heading\" data-id=\"82f5309\" data-element_type=\"widget\" data-widget_type=\"heading.default\">\n\t\t\t\t<div class=\"elementor-widget-container\">\n\t\t\t<h3 class=\"elementor-heading-title elementor-size-default\">Slova\u0161ka<\/h3>\t\t<\/div>\n\t\t\t\t<\/div>\n\t\t<div class=\"elementor-element elementor-element-31eb32c e-flex e-con-boxed e-con e-child\" data-id=\"31eb32c\" data-element_type=\"container\">\n\t\t\t\t\t<div class=\"e-con-inner\">\n\t\t\t\t<div class=\"elementor-element elementor-element-3c6bd60 elementor-widget elementor-widget-heading\" data-id=\"3c6bd60\" data-element_type=\"widget\" data-widget_type=\"heading.default\">\n\t\t\t\t<div class=\"elementor-widget-container\">\n\t\t\t<div class=\"elementor-heading-title elementor-size-default\"><a href=\"\/wp-content\/uploads\/2024\/06\/EN_Slovaska_Slovenska-sprava-ARBOR_opraveny-.pdf\" target=\"_blank\">Angle\u0161\u010dina<\/a><\/div>\t\t<\/div>\n\t\t\t\t<\/div>\n\t\t\t\t<div class=\"elementor-element elementor-element-7f392c2 elementor-widget elementor-widget-heading\" data-id=\"7f392c2\" data-element_type=\"widget\" data-widget_type=\"heading.default\">\n\t\t\t\t<div class=\"elementor-widget-container\">\n\t\t\t<div class=\"elementor-heading-title elementor-size-default\">|<\/div>\t\t<\/div>\n\t\t\t\t<\/div>\n\t\t\t\t<div class=\"elementor-element elementor-element-1f664c5 elementor-widget elementor-widget-heading\" data-id=\"1f664c5\" data-element_type=\"widget\" data-widget_type=\"heading.default\">\n\t\t\t\t<div class=\"elementor-widget-container\">\n\t\t\t<div class=\"elementor-heading-title elementor-size-default\"><a href=\"\/wp-content\/uploads\/2024\/06\/SK__Slovenska_sprava_ARBOR_opraveny_-1.docx.pdf\" target=\"_blank\">Slova\u0161\u010dina<\/a><\/div>\t\t<\/div>\n\t\t\t\t<\/div>\n\t\t\t\t\t<\/div>\n\t\t\t\t<\/div>\n\t\t\t\t<\/div>\n\t\t\t\t\t<\/div>\n\t\t\t\t<\/div>\n\t\t\t\t<\/div>\n\t\t","protected":false},"excerpt":{"rendered":"<p>Domov > Zbirno poro\u010dilo > Slovenija Angle\u0161\u010dina | Sloven\u0161\u010dina Hrva\u0161ka Angle\u0161\u010dina | Hrva\u0161ka Slova\u0161ka Angle\u0161\u010dina | Slova\u0161\u010dina<\/p>\n","protected":false},"author":1,"featured_media":0,"parent":0,"menu_order":0,"comment_status":"closed","ping_status":"closed","template":"elementor_header_footer","meta":{"_acf_changed":false,"footnotes":""},"class_list":["post-3319","page","type-page","status-publish","hentry"],"acf":[],"yoast_head":"<!-- This site is optimized with the Yoast SEO plugin v23.9 - https:\/\/yoast.com\/wordpress\/plugins\/seo\/ -->\n<title>Nacionalna poro\u010dila - Learning - ARBORTECH<\/title>\n<meta name=\"robots\" content=\"index, follow, max-snippet:-1, max-image-preview:large, max-video-preview:-1\" \/>\n<link rel=\"canonical\" href=\"https:\/\/learning.arbortech-erasmus.eu\/sl\/nacionalna-porocila\" \/>\n<meta property=\"og:locale\" content=\"sl_SI\" \/>\n<meta property=\"og:type\" content=\"article\" \/>\n<meta property=\"og:title\" content=\"Nacionalna poro\u010dila - Learning - ARBORTECH\" \/>\n<meta property=\"og:description\" content=\"Domov &gt; Zbirno poro\u010dilo &gt; Slovenija Angle\u0161\u010dina | Sloven\u0161\u010dina Hrva\u0161ka Angle\u0161\u010dina | Hrva\u0161ka Slova\u0161ka Angle\u0161\u010dina | Slova\u0161\u010dina\" \/>\n<meta property=\"og:url\" content=\"https:\/\/learning.arbortech-erasmus.eu\/sl\/nacionalna-porocila\" \/>\n<meta property=\"og:site_name\" content=\"Learning - ARBORTECH\" \/>\n<meta property=\"article:modified_time\" content=\"2024-06-27T10:27:24+00:00\" \/>\n<meta name=\"twitter:card\" content=\"summary_large_image\" \/>\n<script type=\"application\/ld+json\" class=\"yoast-schema-graph\">{\"@context\":\"https:\/\/schema.org\",\"@graph\":[{\"@type\":\"WebPage\",\"@id\":\"https:\/\/learning.arbortech-erasmus.eu\/sl\/nacionalna-porocila\",\"url\":\"https:\/\/learning.arbortech-erasmus.eu\/sl\/nacionalna-porocila\",\"name\":\"Nacionalna poro\u010dila - Learning - ARBORTECH\",\"isPartOf\":{\"@id\":\"https:\/\/learning.arbortech-erasmus.eu\/#website\"},\"datePublished\":\"2024-03-07T06:46:10+00:00\",\"dateModified\":\"2024-06-27T10:27:24+00:00\",\"breadcrumb\":{\"@id\":\"https:\/\/learning.arbortech-erasmus.eu\/sl\/nacionalna-porocila#breadcrumb\"},\"inLanguage\":\"sl-SI\",\"potentialAction\":[{\"@type\":\"ReadAction\",\"target\":[\"https:\/\/learning.arbortech-erasmus.eu\/sl\/nacionalna-porocila\"]}]},{\"@type\":\"BreadcrumbList\",\"@id\":\"https:\/\/learning.arbortech-erasmus.eu\/sl\/nacionalna-porocila#breadcrumb\",\"itemListElement\":[{\"@type\":\"ListItem\",\"position\":1,\"name\":\"Home\",\"item\":\"https:\/\/learning.arbortech-erasmus.eu\/\"},{\"@type\":\"ListItem\",\"position\":2,\"name\":\"Nacionalna poro\u010dila\"}]},{\"@type\":\"WebSite\",\"@id\":\"https:\/\/learning.arbortech-erasmus.eu\/#website\",\"url\":\"https:\/\/learning.arbortech-erasmus.eu\/\",\"name\":\"Learning - ARBORTECH\",\"description\":\"\",\"publisher\":{\"@id\":\"https:\/\/learning.arbortech-erasmus.eu\/#organization\"},\"potentialAction\":[{\"@type\":\"SearchAction\",\"target\":{\"@type\":\"EntryPoint\",\"urlTemplate\":\"https:\/\/learning.arbortech-erasmus.eu\/?s={search_term_string}\"},\"query-input\":{\"@type\":\"PropertyValueSpecification\",\"valueRequired\":true,\"valueName\":\"search_term_string\"}}],\"inLanguage\":\"sl-SI\"},{\"@type\":\"Organization\",\"@id\":\"https:\/\/learning.arbortech-erasmus.eu\/#organization\",\"name\":\"Learning - ARBORTECH\",\"url\":\"https:\/\/learning.arbortech-erasmus.eu\/\",\"logo\":{\"@type\":\"ImageObject\",\"inLanguage\":\"sl-SI\",\"@id\":\"https:\/\/learning.arbortech-erasmus.eu\/#\/schema\/logo\/image\/\",\"url\":\"https:\/\/learning.arbortech-erasmus.eu\/wp-content\/uploads\/2023\/07\/Arbortech_horizontal_logo.png\",\"contentUrl\":\"https:\/\/learning.arbortech-erasmus.eu\/wp-content\/uploads\/2023\/07\/Arbortech_horizontal_logo.png\",\"width\":1273,\"height\":328,\"caption\":\"Learning - ARBORTECH\"},\"image\":{\"@id\":\"https:\/\/learning.arbortech-erasmus.eu\/#\/schema\/logo\/image\/\"}}]}<\/script>\n<!-- \/ Yoast SEO plugin. -->","yoast_head_json":{"title":"Nacionalna poro\u010dila - Learning - ARBORTECH","robots":{"index":"index","follow":"follow","max-snippet":"max-snippet:-1","max-image-preview":"max-image-preview:large","max-video-preview":"max-video-preview:-1"},"canonical":"https:\/\/learning.arbortech-erasmus.eu\/sl\/nacionalna-porocila","og_locale":"sl_SI","og_type":"article","og_title":"Nacionalna poro\u010dila - Learning - ARBORTECH","og_description":"Domov > Zbirno poro\u010dilo > Slovenija Angle\u0161\u010dina | Sloven\u0161\u010dina Hrva\u0161ka Angle\u0161\u010dina | Hrva\u0161ka Slova\u0161ka Angle\u0161\u010dina | Slova\u0161\u010dina","og_url":"https:\/\/learning.arbortech-erasmus.eu\/sl\/nacionalna-porocila","og_site_name":"Learning - ARBORTECH","article_modified_time":"2024-06-27T10:27:24+00:00","twitter_card":"summary_large_image","schema":{"@context":"https:\/\/schema.org","@graph":[{"@type":"WebPage","@id":"https:\/\/learning.arbortech-erasmus.eu\/sl\/nacionalna-porocila","url":"https:\/\/learning.arbortech-erasmus.eu\/sl\/nacionalna-porocila","name":"Nacionalna poro\u010dila - Learning - ARBORTECH","isPartOf":{"@id":"https:\/\/learning.arbortech-erasmus.eu\/#website"},"datePublished":"2024-03-07T06:46:10+00:00","dateModified":"2024-06-27T10:27:24+00:00","breadcrumb":{"@id":"https:\/\/learning.arbortech-erasmus.eu\/sl\/nacionalna-porocila#breadcrumb"},"inLanguage":"sl-SI","potentialAction":[{"@type":"ReadAction","target":["https:\/\/learning.arbortech-erasmus.eu\/sl\/nacionalna-porocila"]}]},{"@type":"BreadcrumbList","@id":"https:\/\/learning.arbortech-erasmus.eu\/sl\/nacionalna-porocila#breadcrumb","itemListElement":[{"@type":"ListItem","position":1,"name":"Home","item":"https:\/\/learning.arbortech-erasmus.eu\/"},{"@type":"ListItem","position":2,"name":"Nacionalna poro\u010dila"}]},{"@type":"WebSite","@id":"https:\/\/learning.arbortech-erasmus.eu\/#website","url":"https:\/\/learning.arbortech-erasmus.eu\/","name":"Learning - ARBORTECH","description":"","publisher":{"@id":"https:\/\/learning.arbortech-erasmus.eu\/#organization"},"potentialAction":[{"@type":"SearchAction","target":{"@type":"EntryPoint","urlTemplate":"https:\/\/learning.arbortech-erasmus.eu\/?s={search_term_string}"},"query-input":{"@type":"PropertyValueSpecification","valueRequired":true,"valueName":"search_term_string"}}],"inLanguage":"sl-SI"},{"@type":"Organization","@id":"https:\/\/learning.arbortech-erasmus.eu\/#organization","name":"Learning - ARBORTECH","url":"https:\/\/learning.arbortech-erasmus.eu\/","logo":{"@type":"ImageObject","inLanguage":"sl-SI","@id":"https:\/\/learning.arbortech-erasmus.eu\/#\/schema\/logo\/image\/","url":"https:\/\/learning.arbortech-erasmus.eu\/wp-content\/uploads\/2023\/07\/Arbortech_horizontal_logo.png","contentUrl":"https:\/\/learning.arbortech-erasmus.eu\/wp-content\/uploads\/2023\/07\/Arbortech_horizontal_logo.png","width":1273,"height":328,"caption":"Learning - ARBORTECH"},"image":{"@id":"https:\/\/learning.arbortech-erasmus.eu\/#\/schema\/logo\/image\/"}}]}},"_links":{"self":[{"href":"https:\/\/learning.arbortech-erasmus.eu\/sl\/wp-json\/wp\/v2\/pages\/3319","targetHints":{"allow":["GET"]}}],"collection":[{"href":"https:\/\/learning.arbortech-erasmus.eu\/sl\/wp-json\/wp\/v2\/pages"}],"about":[{"href":"https:\/\/learning.arbortech-erasmus.eu\/sl\/wp-json\/wp\/v2\/types\/page"}],"author":[{"embeddable":true,"href":"https:\/\/learning.arbortech-erasmus.eu\/sl\/wp-json\/wp\/v2\/users\/1"}],"replies":[{"embeddable":true,"href":"https:\/\/learning.arbortech-erasmus.eu\/sl\/wp-json\/wp\/v2\/comments?post=3319"}],"version-history":[{"count":11,"href":"https:\/\/learning.arbortech-erasmus.eu\/sl\/wp-json\/wp\/v2\/pages\/3319\/revisions"}],"predecessor-version":[{"id":3963,"href":"https:\/\/learning.arbortech-erasmus.eu\/sl\/wp-json\/wp\/v2\/pages\/3319\/revisions\/3963"}],"wp:attachment":[{"href":"https:\/\/learning.arbortech-erasmus.eu\/sl\/wp-json\/wp\/v2\/media?parent=3319"}],"curies":[{"name":"wp","href":"https:\/\/api.w.org\/{rel}","templated":true}]}}